{"id":15,"date":"2019-10-01T15:24:52","date_gmt":"2019-10-01T15:24:52","guid":{"rendered":"https:\/\/ecrins.vanhulst.one\/?page_id=15"},"modified":"2024-01-09T09:59:31","modified_gmt":"2024-01-09T09:59:31","slug":"services","status":"publish","type":"page","link":"https:\/\/www.ecrins.ch\/en\/services\/","title":{"rendered":"Services"},"content":{"rendered":"\n<div class=\"wp-block-ecrins-title\"><h2 class=\"title__sub\">Un \u00e9ventail de possibilit\u00e9s<\/h2><h1 class=\"title__main\">Nos <span class=\"highlight\">services<\/span><\/h1><\/div>\n\n\n\n<div class=\"wp-block-ecrins-intro\"><p class=\"intro__text\">De nombreux clients nous font confiance pour analyser, d\u00e9velopper ou maintenir leur solution de Business Intelligence car notre expertise nous permet d\u2019intervenir \u00e0 tous les niveaux.  <\/p><p class=\"intro__background\"><\/p><\/div>\n\n\n\n<h2>Comp\u00e9tences<\/h2>\n\n\n\n<div class=\"wp-block-columns comp-spacer\">\n<div class=\"wp-block-column\">\n<div class=\"wp-block-image\"><figure class=\"alignleft size-large is-resized\"><img src=\"https:\/\/ressources.ecrins.ch\/wp-content\/uploads\/2020\/02\/1_audit_services.svg\" alt=\"Audit\" class=\"wp-image-307\" height=\"140\"\/><\/figure><\/div>\n<\/div>\n\n\n\n<div class=\"wp-block-column\">\n<figure class=\"wp-block-image size-large is-resized\"><img src=\"https:\/\/ressources.ecrins.ch\/wp-content\/uploads\/2020\/02\/2_security_services2.svg\" alt=\"Administration syst\u00e8mes &#038; s\u00e9curit\u00e9\" class=\"wp-image-322\" height=\"140\"\/><\/figure>\n<\/div>\n\n\n\n<div class=\"wp-block-column\">\n<div class=\"wp-block-image\"><figure class=\"alignleft size-large is-resized\"><img src=\"https:\/\/ressources.ecrins.ch\/wp-content\/uploads\/2020\/02\/3_datawarehouse_services.svg\" alt=\"Mod\u00e9lisation &#038; Datawarehouse\" class=\"wp-image-309\" height=\"140\"\/><\/figure><\/div>\n<\/div>\n<\/div>\n\n\n\n<div class=\"wp-block-columns comp-spacer\">\n<div class=\"wp-block-column\">\n<div class=\"wp-block-image\"><figure class=\"alignleft size-large is-resized\"><img src=\"https:\/\/ressources.ecrins.ch\/wp-content\/uploads\/2020\/02\/4_analytics_services.svg\" alt=\"Analytique &#038; dashboarding\" class=\"wp-image-310\" height=\"140\"\/><\/figure><\/div>\n<\/div>\n\n\n\n<div class=\"wp-block-column\">\n<div class=\"wp-block-image\"><figure class=\"alignleft size-large is-resized\"><img src=\"https:\/\/ressources.ecrins.ch\/wp-content\/uploads\/2020\/02\/5_budget_services.svg\" alt=\"Budget &#038; planification\" class=\"wp-image-311\" height=\"140\"\/><\/figure><\/div>\n<\/div>\n\n\n\n<div class=\"wp-block-column\">\n<div class=\"wp-block-image\"><figure class=\"alignleft size-large is-resized\"><img src=\"https:\/\/ressources.ecrins.ch\/wp-content\/uploads\/2020\/02\/6_mlearning_services.svg\" alt=\"Machine Learning\" class=\"wp-image-312\" height=\"140\"\/><\/figure><\/div>\n<\/div>\n<\/div>\n\n\n\n<div class=\"wp-block-columns comp-spacer\">\n<div class=\"wp-block-column\">\n<div class=\"wp-block-image\"><figure class=\"alignleft size-large is-resized\"><img loading=\"lazy\" src=\"https:\/\/ressources.ecrins.ch\/wp-content\/uploads\/2024\/01\/7_cloud_solutions_services.webp\" alt=\"\" class=\"wp-image-752\" width=\"222\" height=\"164\"\/><\/figure><\/div>\n<\/div>\n\n\n\n<div class=\"wp-block-column\"><\/div>\n\n\n\n<div class=\"wp-block-column\"><\/div>\n<\/div>\n\n\n\n<hr class=\"wp-block-separator\"\/>\n\n\n\n<h2>Technologies<\/h2>\n\n\n\n<div class=\"wp-block-columns comp-spacer\">\n<div class=\"wp-block-column\">\n<figure class=\"wp-block-image size-large is-resized logo-spacer\"><img src=\"https:\/\/ressources.ecrins.ch\/wp-content\/uploads\/2020\/02\/sap.svg\" alt=\"SAP\" class=\"wp-image-325\" height=\"65\"\/><\/figure>\n\n\n\n<p class=\"has-text-align-center\">BW, HANA, BO, BPC, Analytics Cloud<\/p>\n<\/div>\n\n\n\n<div class=\"wp-block-column\">\n<figure class=\"wp-block-image size-large is-resized logo-spacer\"><img src=\"https:\/\/ressources.ecrins.ch\/wp-content\/uploads\/2020\/02\/microsoft-1-1024x223.png\" alt=\"\" class=\"wp-image-333\" height=\"65\" srcset=\"https:\/\/ressources.ecrins.ch\/wp-content\/uploads\/2020\/02\/microsoft-1-1024x223.png 1024w, https:\/\/ressources.ecrins.ch\/wp-content\/uploads\/2020\/02\/microsoft-1-300x65.png 300w, https:\/\/ressources.ecrins.ch\/wp-content\/uploads\/2020\/02\/microsoft-1-768x168.png 768w, https:\/\/ressources.ecrins.ch\/wp-content\/uploads\/2020\/02\/microsoft-1.png 1421w\" sizes=\"(max-width: 1024px) 100vw, 1024px\" \/><\/figure>\n\n\n\n<p class=\"has-text-align-center\">Azure, Power BI, SQL Server, SSIS, SSAS<\/p>\n<\/div>\n\n\n\n<div class=\"wp-block-column\">\n<figure class=\"wp-block-image size-large is-resized logo-spacer\"><img src=\"https:\/\/ressources.ecrins.ch\/wp-content\/uploads\/2020\/02\/autres_logiciels.svg\" alt=\"\" class=\"wp-image-339\" height=\"65\"\/><\/figure>\n\n\n\n<p class=\"has-text-align-center\">Tableau,  TIBCO Spotfire, R<\/p>\n<\/div>\n<\/div>\n","protected":false},"excerpt":{"rendered":"<p>Comp\u00e9tences Technologies BW, HANA, BO, BPC, Analytics Cloud Azure, Power BI, SQL Server, SSIS, SSAS Tableau, TIBCO Spotfire, R<\/p>\n","protected":false},"author":1,"featured_media":0,"parent":0,"menu_order":0,"comment_status":"closed","ping_status":"closed","template":"","meta":[],"_links":{"self":[{"href":"https:\/\/www.ecrins.ch\/en\/wp-json\/wp\/v2\/pages\/15"}],"collection":[{"href":"https:\/\/www.ecrins.ch\/en\/wp-json\/wp\/v2\/pages"}],"about":[{"href":"https:\/\/www.ecrins.ch\/en\/wp-json\/wp\/v2\/types\/page"}],"author":[{"embeddable":true,"href":"https:\/\/www.ecrins.ch\/en\/wp-json\/wp\/v2\/users\/1"}],"replies":[{"embeddable":true,"href":"https:\/\/www.ecrins.ch\/en\/wp-json\/wp\/v2\/comments?post=15"}],"version-history":[{"count":47,"href":"https:\/\/www.ecrins.ch\/en\/wp-json\/wp\/v2\/pages\/15\/revisions"}],"predecessor-version":[{"id":757,"href":"https:\/\/www.ecrins.ch\/en\/wp-json\/wp\/v2\/pages\/15\/revisions\/757"}],"wp:attachment":[{"href":"https:\/\/www.ecrins.ch\/en\/wp-json\/wp\/v2\/media?parent=15"}],"curies":[{"name":"wp","href":"https:\/\/api.w.org\/{rel}","templated":true}]}}